{"id":600,"date":"2022-10-16T03:30:27","date_gmt":"2022-10-16T03:30:27","guid":{"rendered":"https:\/\/cervo-sils.ch\/doppelzimmer-deluxe\/"},"modified":"2025-09-09T06:15:28","modified_gmt":"2025-09-09T06:15:28","slug":"doppelzimmer-deluxe","status":"publish","type":"page","link":"https:\/\/www.cervo-sils.ch\/de\/zimmer\/doppelzimmer-deluxe\/","title":{"rendered":"Doppelzimmer deluxe"},"content":{"rendered":"<p>[et_pb_section fb_built=&#8220;1&#8243; _builder_version=&#8220;4.18.0&#8243; _module_preset=&#8220;default&#8220; background_color=&#8220;#4c4642&#8243; custom_margin=&#8220;0px||0px||false|false&#8220; custom_padding=&#8220;0px||0px||false|false&#8220; sticky_position=&#8220;top&#8220; global_module=&#8220;213&#8243; saved_tabs=&#8220;all&#8220; global_colors_info=&#8220;{}&#8220;][et_pb_row _builder_version=&#8220;4.18.0&#8243; _module_preset=&#8220;default&#8220; custom_padding=&#8220;10px||10px||true|false&#8220; global_colors_info=&#8220;{}&#8220; custom_padding__sticky_enabled=&#8220;on|sticky&#8220; custom_padding__sticky=&#8220;0px||0px||true|false&#8220;][et_pb_column type=&#8220;4_4&#8243; _builder_version=&#8220;4.18.0&#8243; _module_preset=&#8220;default&#8220; global_colors_info=&#8220;{}&#8220;][et_pb_menu menu_id=&#8220;23&#8243; menu_style=&#8220;centered&#8220; active_link_color=&#8220;#D3B44B&#8220; module_class=&#8220;lwp-hide-mobile-menu&#8220; _builder_version=&#8220;4.18.0&#8243; _module_preset=&#8220;default&#8220; menu_font=&#8220;|300||on|||||&#8220; menu_text_color=&#8220;#FFFFFF&#8220; menu_font_size=&#8220;12px&#8220; background_enable_color=&#8220;off&#8220; global_colors_info=&#8220;{}&#8220; menu_text_color__hover_enabled=&#8220;on|desktop&#8220; menu_text_color__hover=&#8220;#D3B44B&#8220;][\/et_pb_menu][\/et_pb_column][\/et_pb_row][\/et_pb_section][et_pb_section fb_built=&#8220;1&#8243; custom_padding_last_edited=&#8220;on|desktop&#8220; _builder_version=&#8220;4.18.0&#8243; _module_preset=&#8220;default&#8220; custom_padding=&#8220;40px|15px|40px|15px|true|true&#8220; custom_padding_tablet=&#8220;15px||15px||true|true&#8220; custom_padding_phone=&#8220;15px||15px||true|true&#8220; global_colors_info=&#8220;{}&#8220;][et_pb_row column_structure=&#8220;1_2,1_2&#8243; make_equal=&#8220;on&#8220; _builder_version=&#8220;4.18.0&#8243; _module_preset=&#8220;default&#8220; width=&#8220;100%&#8220; custom_margin=&#8220;||||false|false&#8220; custom_padding=&#8220;0px||0px||false|false&#8220; custom_css_main_element=&#8220;align-items: center;||display: flex;||flex-wrap: wrap;&#8220; global_colors_info=&#8220;{}&#8220;][et_pb_column type=&#8220;1_2&#8243; _builder_version=&#8220;4.18.0&#8243; _module_preset=&#8220;default&#8220; global_colors_info=&#8220;{}&#8220; custom_css_main_element_last_edited=&#8220;on|tablet&#8220; custom_css_main_element_tablet=&#8220;order: 2;&#8220; custom_css_main_element_phone=&#8220;order: 2;&#8220;][et_pb_text _builder_version=&#8220;4.27.0&#8243; _module_preset=&#8220;default&#8220; text_font=&#8220;|300|||||||&#8220; custom_padding_tablet=&#8220;25px||||false|false&#8220; custom_padding_phone=&#8220;25px||||false|false&#8220; custom_padding_last_edited=&#8220;on|tablet&#8220; global_colors_info=&#8220;{}&#8220;]<\/p>\n<h1>Doppelzimmer deluxe<\/h1>\n<p>Das Deluxe-Zimmer ist ideal f\u00fcr alle, die sich entspannen und erholen m\u00f6chten. Die Zimmer sind mit viel Holz ausgestattet und bieten ein Gef\u00fchl von W\u00e4rme und Geborgenheit. Au\u00dferdem verf\u00fcgen alle Zimmer \u00fcber einen Balkon mit Aussicht und ein gro\u00dfes Doppelbett.<\/p>\n<h3>Ausstattung der Zimmer:<\/h3>\n<ul>\n<li>22 m2<\/li>\n<li>Kingsize-Bett (180&#215;200)<\/li>\n<li>Badezimmer mit Badewanne oder Dusche\/WC<\/li>\n<li>Balkon<\/li>\n<li>Haartrockner<\/li>\n<li>TV<\/li>\n<li>Telefon<\/li>\n<li>Kostenloses WIFI<\/li>\n<\/ul>\n<p>Freuen Sie sich auf Ihren Aufenthalt in einem unserer Zimmer, buchen Sie jetzt oder fordern Sie ein unverbindliches Angebot an.<\/p>\n<p>[\/et_pb_text][et_pb_button button_url=&#8220;https:\/\/reservations.hotel-spider.com\/02a59e9b07f54b60?lang=de&#8220; url_new_window=&#8220;on&#8220; button_text=&#8220;Buchen Sie dieses Zimmer&#8220; _builder_version=&#8220;4.18.0&#8243; _module_preset=&#8220;default&#8220; custom_button=&#8220;on&#8220; button_text_size=&#8220;16px&#8220; button_text_color=&#8220;#333333&#8243; button_bg_color=&#8220;#e9c264&#8243; button_border_width=&#8220;0px&#8220; button_border_radius=&#8220;0px&#8220; button_letter_spacing=&#8220;1px&#8220; button_font=&#8220;|300|||||||&#8220; button_icon=&#8220;&#xf236;||fa||900&#8243; button_on_hover=&#8220;off&#8220; custom_margin=&#8220;||||false|false&#8220; custom_padding=&#8220;10px||10px||true|true&#8220; locked=&#8220;off&#8220; global_colors_info=&#8220;{}&#8220; button_bg_color__hover=&#8220;#e2b241&#8243; button_bg_color__hover_enabled=&#8220;on|hover&#8220;][\/et_pb_button][\/et_pb_column][et_pb_column type=&#8220;1_2&#8243; _builder_version=&#8220;4.18.0&#8243; _module_preset=&#8220;default&#8220; global_colors_info=&#8220;{}&#8220; custom_css_main_element_last_edited=&#8220;on|tablet&#8220; custom_css_main_element_tablet=&#8220;order: 1;&#8220; custom_css_main_element_phone=&#8220;order: 1;&#8220;][et_pb_image src=&#8220;https:\/\/www.cervo-sils.ch\/wp-content\/uploads\/2025\/09\/pontresina-deluxe-room-upscaled-opt.jpeg&#8220; title_text=&#8220;Pontresina Deluxe Zimmer&#8220; _builder_version=&#8220;4.27.0&#8243; _module_preset=&#8220;default&#8220; hover_enabled=&#8220;0&#8243; locked=&#8220;off&#8220; global_colors_info=&#8220;{}&#8220; sticky_enabled=&#8220;0&#8243;][\/et_pb_image][\/et_pb_column][\/et_pb_row][\/et_pb_section]<\/p>\n","protected":false},"excerpt":{"rendered":"<p>Doppelzimmer deluxe Das Deluxe-Zimmer ist ideal f\u00fcr alle, die sich entspannen und erholen m\u00f6chten. Die Zimmer sind mit viel Holz ausgestattet und bieten ein Gef\u00fchl von W\u00e4rme und Geborgenheit. Au\u00dferdem verf\u00fcgen alle Zimmer \u00fcber einen Balkon mit Aussicht und ein gro\u00dfes Doppelbett. Ausstattung der Zimmer: 22 m2 Kingsize-Bett (180&#215;200) Badezimmer mit Badewanne oder Dusche\/WC Balkon [&hellip;]<\/p>\n","protected":false},"author":1,"featured_media":0,"parent":645,"menu_order":3,"comment_status":"closed","ping_status":"closed","template":"","meta":{"_et_pb_use_builder":"on","_et_pb_old_content":"","_et_gb_content_width":"","footnotes":""},"class_list":["post-600","page","type-page","status-publish","hentry"],"_links":{"self":[{"href":"https:\/\/www.cervo-sils.ch\/de\/wp-json\/wp\/v2\/pages\/600"}],"collection":[{"href":"https:\/\/www.cervo-sils.ch\/de\/wp-json\/wp\/v2\/pages"}],"about":[{"href":"https:\/\/www.cervo-sils.ch\/de\/wp-json\/wp\/v2\/types\/page"}],"author":[{"embeddable":true,"href":"https:\/\/www.cervo-sils.ch\/de\/wp-json\/wp\/v2\/users\/1"}],"replies":[{"embeddable":true,"href":"https:\/\/www.cervo-sils.ch\/de\/wp-json\/wp\/v2\/comments?post=600"}],"version-history":[{"count":7,"href":"https:\/\/www.cervo-sils.ch\/de\/wp-json\/wp\/v2\/pages\/600\/revisions"}],"predecessor-version":[{"id":1102,"href":"https:\/\/www.cervo-sils.ch\/de\/wp-json\/wp\/v2\/pages\/600\/revisions\/1102"}],"up":[{"embeddable":true,"href":"https:\/\/www.cervo-sils.ch\/de\/wp-json\/wp\/v2\/pages\/645"}],"wp:attachment":[{"href":"https:\/\/www.cervo-sils.ch\/de\/wp-json\/wp\/v2\/media?parent=600"}],"curies":[{"name":"wp","href":"https:\/\/api.w.org\/{rel}","templated":true}]}}