{"id":659,"date":"2022-10-31T08:34:52","date_gmt":"2022-10-31T08:34:52","guid":{"rendered":"https:\/\/cervo-sils.ch\/?page_id=659"},"modified":"2022-10-31T11:37:59","modified_gmt":"2022-10-31T11:37:59","slug":"privacy-policy","status":"publish","type":"page","link":"https:\/\/www.cervo-sils.ch\/en\/privacy-policy\/","title":{"rendered":"Privacy Policy"},"content":{"rendered":"<p>[et_pb_section fb_built=&#8221;1&#8243; _builder_version=&#8221;4.18.0&#8243; _module_preset=&#8221;default&#8221; global_colors_info=&#8221;{}&#8221;][et_pb_row _builder_version=&#8221;4.18.0&#8243; _module_preset=&#8221;default&#8221; global_colors_info=&#8221;{}&#8221;][et_pb_column type=&#8221;4_4&#8243; _builder_version=&#8221;4.18.0&#8243; _module_preset=&#8221;default&#8221; global_colors_info=&#8221;{}&#8221;][et_pb_text _builder_version=&#8221;4.18.0&#8243; _module_preset=&#8221;default&#8221; text_font=&#8221;|300|||||||&#8221; link_font=&#8221;||||on|||#000000|&#8221; link_text_color=&#8221;#000000&#8243; hover_enabled=&#8221;0&#8243; global_colors_info=&#8221;{}&#8221; sticky_enabled=&#8221;0&#8243;]<\/p>\n<h1>Datenschutzerkl\u00e4rung<\/h1>\n<p>Version vom 1. November 2022<\/p>\n<p>In dieser Datenschutzerkl\u00e4rung erl\u00e4utern wir, die Engadin Hotels Resorts (nachfolgend Engadin Hotels Resorts, wir oder uns), wie wir Personendaten erheben und sonst bearbeiten. Das ist keine abschliessende Beschreibung; allenfalls regeln andere Datenschutzerkl\u00e4rungen oder allgemeine Gesch\u00e4ftsbedingungen, Teilnahmebedingungen und \u00e4hnliche Dokumente spezifische Sachverhalte. Unter Personendaten werden alle Angaben verstanden, die sich auf eine bestimmte oder bestimmbare Person beziehen.<\/p>\n<p>Wenn Sie uns Personendaten anderer Personen (z.B. Familienmitglieder, Daten von Arbeitskollegen) zur Verf\u00fcgung stellen, stellen Sie bitte sicher, dass diese Personen die vorliegende Datenschutzerkl\u00e4rung kennen und teilen Sie uns deren Personendaten nur mit, wenn Sie dies d\u00fcrfen und wenn diese Personendaten korrekt sind.<\/p>\n<p>Diese Datenschutzerkl\u00e4rung ist auf die EU Datenschutz-Grundverordnung (DSGVO) ausgerichtet. Obwohl die DSGVO eine Regulierung der Europ\u00e4ischen Union ist, ist sie f\u00fcr uns von Bedeutung. Das schweizerische Datenschutzgesetz (DSG) ist vom EU-Recht stark beeinflusst, und Unternehmen ausserhalb der Europ\u00e4ischen Union bzw. des EWR haben die DSGVO unter bestimmten Umst\u00e4nden einzuhalten.<\/p>\n<h2>1. Verantwortlicher \/ Datenschutzbeauftrager \/ Vertreter<\/h2>\n<p>Verantwortlich f\u00fcr die Datenbearbeitungen, die wir hier beschreiben, ist das Engadin Hotels Resorts AG (Via dal Bagn 6, 7500 St.Moritz). Wenn Sie datenschutzrechtliche Anliegen haben, k\u00f6nnen Sie uns diese an folgende Kontaktadresse mitteilen:<\/p>\n<p>Engadin Hotels Resorts AG<br \/>Via dal Bagn 6, 7500 St.Morit<\/p>\n<p>Gesch\u00e4ftsf\u00fchrer\/Inhaber:<br \/>Herr Francesco Stillitano<br \/><a href=\"mailto:francesco.stillitano@engadinhotels.com\">francesco.stillitano@engadinhotels.com<\/a><\/p>\n<h2>2. Erhebung und Bearbeitung von Personendaten<\/h2>\n<p>Wir bearbeiten in erster Linie die Personendaten, die wir im Rahmen unserer Gesch\u00e4ftsbeziehung mit unseren Kunden und anderen Gesch\u00e4ftspartnern von diesen und weiteren daran beteiligten Personen erhalten oder die wir beim Betrieb unserer Websites, Apps und weiteren Anwendungen von deren Nutzern erheben.<\/p>\n<p>Soweit dies erlaubt ist, entnehmen wir auch \u00f6ffentlich zug\u00e4nglichen Quellen (z.B. Betreibungsregister, Grundb\u00fccher, Handelsregister, Presse, Internet) gewisse Daten oder erhalten solche von anderen Unternehmen innerhalb der Engadin Hotels Resorts, von Beh\u00f6rden und sonstigen Dritten (wie z.B. Kreditauskunfteien, Adressh\u00e4ndler). Nebst den Daten von Ihnen, die Sie uns direkt geben, sind die Kategorien von Personendaten, die wir von Dritten \u00fcber Sie erhalten, insbesondere Angaben aus \u00f6ffentlichen Registern, Angaben, die wir im Zusammenhang mit beh\u00f6rdlichen und gerichtlichen Verfahren erfahren, Angaben im Zusammenhang mit ihren beruflichen Funktionen und Aktivit\u00e4ten (damit wir z.B. mit Ihrer Hilfe Gesch\u00e4fte mit Ihrem Arbeitgeber abschliessen und abwickeln k\u00f6nnen), Angaben \u00fcber Sie in Korrespondenz und Besprechungen mit Dritten, Bonit\u00e4tsausk\u00fcnfte (soweit wir mit Ihnen pers\u00f6nlich Gesch\u00e4fte abwickeln), Angaben \u00fcber Sie, die uns Personen aus Ihrem Umfeld (Familie, Berater, Rechtsvertreter, etc.) geben, damit wir Vertr\u00e4ge mit Ihnen oder unter Einbezug von Ihnen abschliessen oder abwickeln k\u00f6nnen (z.B. Referenzen, Ihre Adresse f\u00fcr Lieferungen, Vollmachten, Angaben zur Einhaltung gesetzlicher Vorgaben wie etwa der Geldw\u00e4schereibek\u00e4mpfung und Exportrestriktionen, Angaben von Banken, Versicherungen, Vertriebs- und anderen Vertragspartnern von uns zur Inanspruchnahme oder Erbringung von Leistungen durch Sie (z.B. erfolgte Zahlungen, erfolgte K\u00e4ufe), Angaben aus Medien und Internet zu Ihrer Person (soweit dies im konkreten Fall angezeigt ist, z.B. im Rahmen einer Bewerbung, Presseschau, Marketing\/Verkauf, etc.), Ihre Adressen und ggf. Interessen und weitere soziodemographische Daten (f\u00fcr Marketing), Daten im Zusammenhang mit der Benutzung der Website (z.B. IP-Adresse, MAC-Adresse des Smartphones oder Computers, Angaben zu Ihrem Ger\u00e4t und Einstellungen, Cookies, Datum und Zeit des Besuchs, abgerufene Seiten und Inhalte, benutzte Funktionen, verweisende Website, Standortangaben).<\/p>\n<h2>3. Zwecke der Datenbearbeitung und Rechtsgrundlagen<\/h2>\n<p>Wir verwenden die von uns erhobenen Personendaten in erster Linie, um unsere Vertr\u00e4ge mit unseren Kunden und Gesch\u00e4ftspartnern abzuschliessen und abzuwickeln, so insbesondere im Rahmen des elektronischen Handels (E-Commerce) mit unseren Kunden und den Einkauf von Produkten und Dienstleistungen von unseren Zulieferern und Subunternehmern, sowie um unseren gesetzlichen Pflichten im In- und Ausland nachzukommen. Wenn Sie f\u00fcr einen solchen Kunden oder Gesch\u00e4ftspartner t\u00e4tig sind, k\u00f6nnen Sie in dieser Funktion mit Ihren Personendaten nat\u00fcrlich ebenfalls davon betroffen sein.<\/p>\n<p>Dar\u00fcber hinaus bearbeiten wir Personendaten von Ihnen und weiteren Personen, soweit erlaubt und es uns als angezeigt erscheint, auch f\u00fcr folgende Zwecke, an denen wir (und zuweilen auch Dritte) ein dem Zweck entsprechendes berechtigtes Interesse haben:<\/p>\n<p>Angebot und Weiterentwicklung unserer Angebote, Dienstleistungen und Websites, Apps und weiteren Plattformen, auf welchen wir pr\u00e4sent sind;<br \/>Kommunikation mit Dritten und Bearbeitung derer Anfragen (z.B. Bewerbungen, Medienanfragen);<br \/>Pr\u00fcfung und Optimierung von Verfahren zur Bedarfsanalyse zwecks direkter Kundenansprache sowie Erhebung von Personendaten aus \u00f6ffentlich zug\u00e4nglichen Quellen zwecks Kundenakquisition;<br \/>Werbung und Marketing (einschliesslich Durchf\u00fchrung von Anl\u00e4ssen), soweit Sie der Nutzung Ihrer Daten nicht widersprochen haben (wenn wir Ihnen als bestehender Kunde von uns Werbung zukommen lassen, k\u00f6nnen Sie dem jederzeit widersprechen, wir setzen Sie dann auf eine Sperrliste gegen weitere Werbesendungen);<br \/>Markt- und Meinungsforschung, Medienbeobachtung;<br \/>Geltendmachung rechtlicher Anspr\u00fcche und Verteidigung in Zusammenhang mit rechtlichen Streitigkeiten und beh\u00f6rdlichen Verfahren;<br \/>Verhinderung und Aufkl\u00e4rung von Straftaten und sonstigem Fehlverhalten (z.B. Durchf\u00fchrung interner Untersuchungen, Datenanalysen zur Betrugsbek\u00e4mpfung);<br \/>Gew\u00e4hrleistungen unseres Betriebs, insbesondere der IT, unserer Websites, Apps und weiteren Plattformen;<br \/>Video\u00fcberwachungen zur Wahrung des Hausrechts und sonstige Massnahmen zur IT-, Geb\u00e4ude- und Anlagesicherheit und Schutz unserer Mitarbeiter und weiteren Personen und uns anvertrauten Werte (wie z.B. Zutrittskontrollen, Besucherlisten, Netzwerk- und Mailscanner, Telefonaufzeichnungen);<br \/>Kauf und Verkauf von Gesch\u00e4ftsbereichen, Gesellschaften oder Teilen von Gesellschaften und andere gesellschaftsrechtliche Transaktionen und damit verbunden die \u00dcbertragung von Personendaten sowie Massnahmen zur Gesch\u00e4ftssteuerung und soweit zur Einhaltung gesetzlicher und regulatorischer Verpflichtungen sowie interner Vorschriften von Engadin Hotels Resorts.<br \/>Soweit Sie uns eine Einwilligung zur Bearbeitung Ihrer Personaldaten f\u00fcr bestimmte Zwecke erteilt haben (zum Beispiel bei Ihrer Anmeldung zum Erhalt von Newslettern), bearbeiten wir Ihre Personen im Rahmen und gest\u00fctzt auf diese Einwilligung, soweit wir keine andere Rechtsgrundlage haben und wir eine solche ben\u00f6tigen. Eine erteilte Einwilligung kann jederzeit widerrufen werden, was jedoch keine Auswirkung auf bereits erfolgte Datenbearbeitungen hat.<\/p>\n<h2>4. Cookies \/ Tracking<\/h2>\n<p>Wir setzen auf unseren Websites typischerweise &#8220;Cookies&#8221; und vergleichbare Techniken ein, mit denen Ihr Browser oder Ihr Ger\u00e4t identifiziert werden kann. Ein Cookie ist eine kleine Datei, die an Ihren Computer gesendet bzw. vom verwendeten Webbrowser automatisch auf Ihrem Computer oder mobilen Ger\u00e4t gespeichert wird, wenn Sie unsere Website besuchen. Wenn Sie diese Website erneut aufrufen, k\u00f6nnen wir Sie so wiedererkennen, selbst wenn wir nicht wissen, wer Sie sind. Neben Cookies, die lediglich w\u00e4hrend einer Sitzung benutzt und nach Ihrem Website-Besuch gel\u00f6scht werden (&#8220;Session Cookies&#8221;), k\u00f6nnen Cookies auch benutzt werden, um Nutzereinstellungen und andere Informationen \u00fcber eine bestimmte Zeit (z.B. zwei Jahre) zu speichern (&#8220;permanente Cookies&#8221;). Sie k\u00f6nnen Ihren Browser jedoch so einstellen, dass er Cookies zur\u00fcckweist, nur f\u00fcr eine Sitzung speichert oder sonst vorzeitig l\u00f6scht. Die meisten Browser sind so voreingestellt, dass Sie Cookies akzeptieren. Wir nutzen permanente Cookies damit Sie Benutzereinstellungen speichern (z.B. Sprache, Autologin). Gewisse der Cookies werden von uns gesetzt, gewisse auch von Vertragspartnern, mit denen wir zusammenarbeiten. Wenn Sie Cookies sperren, kann es sein, dass Sie gewisse Funktionalit\u00e4ten (wie z.B. Sprachwahl, Warenkorb, Bestellprozesse) nicht mehr funktionieren.<\/p>\n<p>Mit der Nutzung unserer Websites und der Einwilligung in den Erhalt von Newslettern und anderen Marketing-E-Mails stimmen Sie dem Einsatz dieser Techniken zu. Wollen Sie dies nicht, dann m\u00fcssen Sie Ihren Browser bzw. Ihre E-Mail-Programm entsprechend einstellen.<\/p>\n<h3>Google Analytics<\/h3>\n<p>Wir setzen auf unseren Websites mitunter Google Analytics oder vergleichbare Dienste ein. Dies ist eine Dienstleistung von Dritten, die sich in irgendeinem Land der Erde befinden k\u00f6nnen (im Falle von Google Analytics ist es Google LLC in den USA, www.google.com), mit welcher wir die Nutzung der Website (nicht personenbezogen) messen und auswerten k\u00f6nnen. Hierzu werden ebenfalls permanente Cookies benutzt, die der Dienstleister setzt. Der Dienstleister erh\u00e4lt von uns keine Personendaten (und bewahrt auch keine IP-Adressen auf), kann jedoch Ihre Nutzung der Website verfolgen, diese Angaben kombinieren mit Daten von anderen Websites, die Sie besucht haben und die ebenfalls von Dienstleister verfolgt werden, und diese Erkenntnisse f\u00fcr eigene Zwecke (z.B. Steuerung von Werbung) verwenden. Soweit Sie sich beim Dienstleister selbst registriert haben, kennt der Dienstleister Sie auch. Die Bearbeitung Ihrer Personendaten durch den Dienstleister erfolgt dann in Verantwortung des Dienstleisters nach dessen Datenschutzbestimmungen. Uns teilt der Dienstleister lediglich mit, wie unsere jeweilige Website genutzt wird (keine Angaben \u00fcber Sie pers\u00f6nlich).<\/p>\n<h3>Social Media Plug-ins<\/h3>\n<p>Wir setzen auf unseren Websites ferner sog. Plug-Ins von sozialen Netzwerken wie Facebook, Twitter, Youtube, Google+, Pinterest oder Instagram. Das ist f\u00fcr Sie jeweils ersichtlich (typischerweise \u00fcber entsprechende Symbole). Wir haben diese Elemente so konfiguriert, dass sie standardm\u00e4ssig deaktiviert sind. Aktivieren Sie sie (durch Anklicken), k\u00f6nnen die Betreiber der jeweiligen sozialen Netzwerke registrieren, dass Sie auf unserer Website sind und wo und k\u00f6nnen diese Informationen f\u00fcr ihre Zwecke nutzen. Die Bearbeitung Ihrer Personendaten erfolgt dann in Verantwortung dieses Betreibers nach dessen Datenschutzbestimmungen. Wir erhalten von ihm keine Angaben zu Ihnen.<\/p>\n<h3>Hotjar<\/h3>\n<p>Hotjar wertet vereinzelte Besuche durch Aufzeichnung von Benutzereingaben mit Web-Browser-Fingerprinting aus. Dies ist eine Dienstleistung von Dritten, die sich in irgendeinem Land der Erde befinden k\u00f6nnen (im Falle von Hotjar ist es Hotjar Limited in Malta, www.hotjar.com), mit welcher wir die Nutzung der Website (nicht personenbezogen) messen und auswerten k\u00f6nnen. Der Service wird dazu verwendet, die Benutzerf\u00fchrung auf der Webseite zu optimieren. Pers\u00f6nliche Daten werden in diesem Prozess nach allenfalls erfolgter Aufzeichnung nicht ausgewertet und innert k\u00fcrzester Frist wieder entfernt. Die erhobenen Daten lassen keinen R\u00fcckschluss auf die Identit\u00e4t einzelner Nutzer zu und werden lediglich zuhanden der Websitebetreiberin erfasst und ausschliesslich an diese weitergeleitet. Die Betreiberin \u00fcbernimmt keine Verantwortung oder Haftung f\u00fcr die Datenverarbeitung durch HotJar. Mehr Informationen zu HotJar und der EU-DSGVO\/GDPR finden Sie auf https:\/\/www.hotjar.com\/legal\/compliance\/gdpr-commitment.<\/p>\n<h2>5. Datenweitergabe und Daten\u00fcbermittlung ins Ausland<\/h2>\n<p>Wir geben im Rahmen unserer gesch\u00e4ftlichen Aktivit\u00e4ten und der Zwecke gem\u00e4ss Ziff. 3, soweit erlaubt und es uns als angezeigt erscheint, auch Dritten bekannt, sei es, weil sie diese f\u00fcr uns bearbeiten, sei es, weil sie sie f\u00fcr ihre eigenen Zwecke verwenden wollen. Dabei geht es insbesondere um folgende Stellen:<\/p>\n<p>Dienstleister von uns (innerhalb der Engadin Hotels Resorts sowie extern, wie z.B. Banken, Versicherungen), einschliesslich Auftragsbearbeitern (wie z.B. IT-Provider);<br \/>H\u00e4ndler, Lieferanten, Subunternehmer und sonstige Gesch\u00e4ftspartner;<br \/>Kunden;<br \/>in- und ausl\u00e4ndische Beh\u00f6rden, Amtsstellen oder Gerichten;<br \/>Medien;<br \/>\u00d6ffentlichkeit, einschliesslich Besuchern von Websites und sozialer Medien;<br \/>Mitbewerber, Branchenorganisationen, Verb\u00e4nde, Organisationen und weitere Gremien;<br \/>Erwerber oder Interessenten am Erwerb von Gesch\u00e4ftsbereichen, Gesellschaften oder sonstigen Teilen der Engadin Hotels Resorts;<br \/>anderen Parteien in m\u00f6glichen oder tats\u00e4chlichen Rechtsverfahren;<br \/>Weitere Gesellschaften der Engadin Hotels Resorts;<br \/>alle gemeinsam Empf\u00e4nger.<\/p>\n<p>Diese Empf\u00e4nger sind teilweise im Inland, k\u00f6nnen aber irgendwo auf der Erde sein. Sie m\u00fcssen insbesondere mit der \u00dcbermittlung Ihrer Daten in alle L\u00e4nder rechnen, in denen die Engadin Hotels Resorts durch Gruppengesellschaften, Zweigniederlassungen oder sonstige B\u00fcros vertreten ist sowie in andere L\u00e4nder Europas und den USA, wo sich die von uns benutzten Dienstleister befinden (wie z.B. Google, Microsoft, SAP, Amazon). Wenn wir Daten in ein Land ohne angemessenen gesetzlichen Datenschutz \u00fcbermitteln, sorgen wir wie gesetzlich vorgesehen mittels Einsatz von entsprechenden Vertr\u00e4gen (namentlich auf Basis der sog. Standardvertragsklauseln der Europ\u00e4ischen Kommission, die hier, hier und hier abrufbar sind) oder sog. Binding Corporate Rules f\u00fcr ein angemessenes Schutzniveau oder st\u00fctzen uns auf die gesetzlichen Ausnahmentatbest\u00e4nde der Einwilligung, der Vertragsabwicklung, der Feststellung, Aus\u00fcbung oder Durchsetzung von Rechtsanspr\u00fcchen, \u00fcberwiegender \u00f6ffentlicher Interessen, der ver\u00f6ffentlichten Personendaten oder weil es zum Schutz der Unversehrtheit der betroffenen Personen n\u00f6tig ist. Sie k\u00f6nnen jederzeit bei der unter Ziff. 1 genannten Kontaktperson eine Kopie der erw\u00e4hnten vertraglichen Garantien beziehen, soweit nicht bereits vorstehenden angegeben. Wir behalten uns aber vor, Kopien aus datenschutzrechtliche Gr\u00fcnden oder Gr\u00fcnden der Geheimhaltung zu schw\u00e4rzen oder nur auszugsweise zu liefern.<\/p>\n<h2>6. Dauer der Aufbewahrung von Personendaten<\/h2>\n<p>Wir verarbeiten und speichern Ihre Personendaten, solange es f\u00fcr die Erf\u00fcllung unserer vertraglichen und gesetzlichen Pflichten oder sonst die mit der Bearbeitung verfolgten Zwecke erforderlich ist, d.h. also zum Beispiel f\u00fcr die Dauer der gesamten Gesch\u00e4ftsbeziehung (von der Anbahnung, Abwicklung bis zur Beendigung eines Vertrags) sowie dar\u00fcber hinaus gem\u00e4ss den gesetzlichen Aufbewahrungs- und Dokumentationspflichten. Dabei ist es m\u00f6glich, dass Personendaten f\u00fcr die Zeit aufbewahrt werden, in der Anspr\u00fcche gegen unser Unternehmen geltend gemacht werden k\u00f6nnen und soweit wir anderweitig gesetzlich dazu verpflichtet sind oder berechtigte Gesch\u00e4ftsinteressen dies erfordern (z.B. f\u00fcr Beweis- und Dokumentationszwecke). Sobald Ihre Personendaten f\u00fcr die oben genannten Zwecke nicht mehr erforderlich sind, werden sie grunds\u00e4tzlich und soweit m\u00f6glich gel\u00f6scht oder anonymisiert. F\u00fcr betriebliche Daten (z.B. Systemprotokolle, Logs), gelten grunds\u00e4tzliche k\u00fcrzere Aufbewahrungsfristen von zw\u00f6lf Monaten oder weniger.<\/p>\n<h2>7. Datensicherheit<\/h2>\n<p>Wir treffen angemessene technische und organisatorische Sicherheitsvorkehrungen zum Schutz Ihrer Personendaten vor unberechtigtem Zugriff und Missbrauch wie etwa der Erlass von Weisungen, Schulungen, IT- und Netzwerksicherheitsl\u00f6sungen, Verschl\u00fcsselung von Datentr\u00e4gern und \u00dcbermittlungen, Pseudonymisierung, Kontrollen.<\/p>\n<h2>8. Pflicht zur Bereitstellung von Personendaten<\/h2>\n<p>Im Rahmen unserer Gesch\u00e4ftsbeziehung m\u00fcssen Sie diejenigen Personendaten bereitstellen, die f\u00fcr die Aufnahme und Durchf\u00fchrung einer Gesch\u00e4ftsbeziehung und der Erf\u00fcllung der damit verbundenen vertraglichen Pflichten erforderlich sind (eine gesetzliche Pflicht, uns Daten bereitzustellen, haben Sie in der Regel nicht). Ohne diese Daten werden wir in der Regel nicht in der Lage sein, einen Vertrag mit Ihnen (oder der Stelle oder Person, die Sie vertreten) zu schliessen oder diesen abzuwickeln. Auch die Website kann nicht genutzt werden, wenn gewisse Angaben zur Sicherstellung des Datenverkehrs (wie z.B. IP-Adresse) nicht offengelegt wird.<\/p>\n<h2>9. Profiling<\/h2>\n<p>Wir verarbeiten Ihre Personendaten teilweise automatisiert mit dem Ziel, bestimmte pers\u00f6nliche Aspekte zu bewerten (Profiling). Wir setzen Profiling insbesondere ein, um Sie zielgerichtet \u00fcber Produkte informieren und beraten zu k\u00f6nnen. Dabei setzen wir Auswertungsinstrumente ein, die uns eine bedarfsgerechte Kommunikation und Werbung einschliesslich Markt- und Meinungsforschung erm\u00f6glichen.<\/p>\n<h2>10. Rechte der betroffenen Person<\/h2>\n<p>Sie haben im Rahmen des auf Sie anwendbaren Datenschutzrechts und soweit darin vorgesehen (wie etwa im Falle der DSGVO) das Recht auf Auskunft, Berichtigung, L\u00f6schung, das Recht auf Einschr\u00e4nkung der Datenbearbeitung und sonst dem Widerspruch gegen unsere Datenbearbeitungen sowie auf Herausgabe gewisser Personendaten zwecks \u00dcbertragung an eine andere Stelle (sog. Datenportabilit\u00e4t). Bitte beachten Sie aber, dass wir uns vorbehalten, unsererseits die gesetzlich vorgesehenen Einschr\u00e4nkungen geltend zu machen, etwa wenn wir zur Aufbewahrung oder Bearbeitung gewisser Daten verpflichtet sind, daran ein \u00fcberwiegendes Interesse haben (soweit wir uns darauf berufen d\u00fcrfen) oder sie f\u00fcr die Geltendmachung von Anspr\u00fcchen ben\u00f6tigen. Falls f\u00fcr Sie Kosten anfallen, werden wir Sie vorab informieren. \u00dcber die M\u00f6glichkeit, Ihre Einwilligung zu widerrufen, haben wir bereits in Ziff. 3 informiert. Beachten Sie, dass die Aus\u00fcbung dieser Rechte im Konflikt zu vertraglichen Abmachungen stehen kann und dies Folgen wie z.B. die vorzeitige Vertragsaufl\u00f6sung oder Kostenfolgen haben kann. Wir werden Sie diesfalls vorg\u00e4ngig informieren, wo dies nicht bereits vertraglich geregelt ist.<\/p>\n<p>Die Aus\u00fcbung solcher Rechte setzt in der Regel voraus, dass Sie Ihre Identit\u00e4t eindeutig nachweisen (z.B. durch eine Ausweiskopie, wo Ihre Identit\u00e4t sonst nicht klar ist bzw. verifiziert werden kann). Zur Geltendmachung Ihrer Rechte k\u00f6nnen Sie uns unter der in Ziffer 1 angegebenen Adresse kontaktieren.<\/p>\n<p>Jede betroffene Person hat \u00fcberdies das Recht, ihre Anspr\u00fcche gerichtlich durchzusetzen oder bei der zust\u00e4ndigen Datenschutzbeh\u00f6rde eine Beschwerde einzureichen. Die zust\u00e4ndige Datenschutzbeh\u00f6rde der Schweiz ist der Eidgen\u00f6ssische Datenschutz- und \u00d6ffentlichkeitsbeauftragte (https:\/\/www.edoeb.admin.ch).<\/p>\n<h2>11. \u00c4nderungen<\/h2>\n<p>Wir k\u00f6nnen diese Datenschutzerkl\u00e4rung jederzeit ohne Vorank\u00fcndigung anpassen. Es gilt die jeweils aktuelle, auf unserer Website publizierte Fassung. Soweit die Datenschutzerkl\u00e4rung Teil einer Vereinbarung mit Ihnen ist, werden wir Sie im Falle einer Aktualisierung \u00fcber die \u00c4nderung per E-Mail oder auf andere geeignete Weise informieren.<\/p>\n<p>[\/et_pb_text][\/et_pb_column][\/et_pb_row][\/et_pb_section]<\/p>\n","protected":false},"excerpt":{"rendered":"<p>Datenschutzerkl\u00e4rung Version vom 1. November 2022 In dieser Datenschutzerkl\u00e4rung erl\u00e4utern wir, die Engadin Hotels Resorts (nachfolgend Engadin Hotels Resorts, wir oder uns), wie wir Personendaten erheben und sonst bearbeiten. Das ist keine abschliessende Beschreibung; allenfalls regeln andere Datenschutzerkl\u00e4rungen oder allgemeine Gesch\u00e4ftsbedingungen, Teilnahmebedingungen und \u00e4hnliche Dokumente spezifische Sachverhalte. Unter Personendaten werden alle Angaben verstanden, die sich [&hellip;]<\/p>\n","protected":false},"author":1,"featured_media":0,"parent":0,"menu_order":0,"comment_status":"closed","ping_status":"closed","template":"","meta":{"_et_pb_use_builder":"on","_et_pb_old_content":"","_et_gb_content_width":"","footnotes":""},"class_list":["post-659","page","type-page","status-publish","hentry"],"_links":{"self":[{"href":"https:\/\/www.cervo-sils.ch\/en\/wp-json\/wp\/v2\/pages\/659"}],"collection":[{"href":"https:\/\/www.cervo-sils.ch\/en\/wp-json\/wp\/v2\/pages"}],"about":[{"href":"https:\/\/www.cervo-sils.ch\/en\/wp-json\/wp\/v2\/types\/page"}],"author":[{"embeddable":true,"href":"https:\/\/www.cervo-sils.ch\/en\/wp-json\/wp\/v2\/users\/1"}],"replies":[{"embeddable":true,"href":"https:\/\/www.cervo-sils.ch\/en\/wp-json\/wp\/v2\/comments?post=659"}],"version-history":[{"count":0,"href":"https:\/\/www.cervo-sils.ch\/en\/wp-json\/wp\/v2\/pages\/659\/revisions"}],"wp:attachment":[{"href":"https:\/\/www.cervo-sils.ch\/en\/wp-json\/wp\/v2\/media?parent=659"}],"curies":[{"name":"wp","href":"https:\/\/api.w.org\/{rel}","templated":true}]}}